{"id":120,"date":"2022-11-23T16:34:29","date_gmt":"2022-11-23T15:34:29","guid":{"rendered":"http:\/\/laszlobadet.com\/?page_id=120"},"modified":"2024-04-24T11:59:09","modified_gmt":"2024-04-24T09:59:09","slug":"info","status":"publish","type":"page","link":"https:\/\/laszlobadet.com\/index.php\/info\/","title":{"rendered":"info"},"content":{"rendered":"\t\t<div data-elementor-type=\"wp-page\" data-elementor-id=\"120\" class=\"elementor elementor-120\">\n\t\t\t\t\t\t\t\t\t<section class=\"elementor-section elementor-top-section elementor-element elementor-element-bce0f13 elementor-section-boxed elementor-section-height-default elementor-section-height-default\" data-id=\"bce0f13\" data-element_type=\"section\">\n\t\t\t\t\t\t<div class=\"elementor-container elementor-column-gap-default\">\n\t\t\t\t\t<div class=\"elementor-column elementor-col-100 elementor-top-column elementor-element elementor-element-cc47638\" data-id=\"cc47638\" data-element_type=\"column\">\n\t\t\t<div class=\"elementor-widget-wrap elementor-element-populated\">\n\t\t\t\t\t\t\t\t<div class=\"elementor-element elementor-element-63310ca elementor-widget elementor-widget-spacer\" data-id=\"63310ca\" data-element_type=\"widget\" data-widget_type=\"spacer.default\">\n\t\t\t\t<div class=\"elementor-widget-container\">\n\t\t\t<style>\/*! elementor - v3.8.1 - 13-11-2022 *\/\n.elementor-column .elementor-spacer-inner{height:var(--spacer-size)}.e-con{--container-widget-width:100%}.e-con-inner>.elementor-widget-spacer,.e-con>.elementor-widget-spacer{width:var(--container-widget-width,var(--spacer-size));-ms-flex-item-align:stretch;align-self:stretch;-ms-flex-negative:0;flex-shrink:0}.e-con-inner>.elementor-widget-spacer>.elementor-widget-container,.e-con-inner>.elementor-widget-spacer>.elementor-widget-container>.elementor-spacer,.e-con>.elementor-widget-spacer>.elementor-widget-container,.e-con>.elementor-widget-spacer>.elementor-widget-container>.elementor-spacer{height:100%}.e-con-inner>.elementor-widget-spacer>.elementor-widget-container>.elementor-spacer>.elementor-spacer-inner,.e-con>.elementor-widget-spacer>.elementor-widget-container>.elementor-spacer>.elementor-spacer-inner{height:var(--container-widget-height,var(--spacer-size))}<\/style>\t\t<div class=\"elementor-spacer\">\n\t\t\t<div class=\"elementor-spacer-inner\"><\/div>\n\t\t<\/div>\n\t\t\t\t<\/div>\n\t\t\t\t<\/div>\n\t\t\t\t\t<\/div>\n\t\t<\/div>\n\t\t\t\t\t\t\t<\/div>\n\t\t<\/section>\n\t\t\t\t<section class=\"elementor-section elementor-top-section elementor-element elementor-element-f1be011 elementor-section-boxed elementor-section-height-default elementor-section-height-default\" data-id=\"f1be011\" data-element_type=\"section\">\n\t\t\t\t\t\t<div class=\"elementor-container elementor-column-gap-default\">\n\t\t\t\t\t<div class=\"elementor-column elementor-col-100 elementor-top-column elementor-element elementor-element-0f63479\" data-id=\"0f63479\" data-element_type=\"column\">\n\t\t\t<div class=\"elementor-widget-wrap elementor-element-populated\">\n\t\t\t\t\t\t\t\t<section class=\"elementor-section elementor-inner-section elementor-element elementor-element-660d8ff elementor-section-boxed elementor-section-height-default elementor-section-height-default\" data-id=\"660d8ff\" data-element_type=\"section\">\n\t\t\t\t\t\t<div class=\"elementor-container elementor-column-gap-default\">\n\t\t\t\t\t<div class=\"elementor-column elementor-col-50 elementor-inner-column elementor-element elementor-element-1cea1f1\" data-id=\"1cea1f1\" data-element_type=\"column\">\n\t\t\t<div class=\"elementor-widget-wrap elementor-element-populated\">\n\t\t\t\t\t\t\t\t<div class=\"elementor-element elementor-element-b0186c8 elementor-widget elementor-widget-heading\" data-id=\"b0186c8\" data-element_type=\"widget\" data-widget_type=\"heading.default\">\n\t\t\t\t<div class=\"elementor-widget-container\">\n\t\t\t<style>\/*! elementor - v3.8.1 - 13-11-2022 *\/\n.elementor-heading-title{padding:0;margin:0;line-height:1}.elementor-widget-heading .elementor-heading-title[class*=elementor-size-]>a{color:inherit;font-size:inherit;line-height:inherit}.elementor-widget-heading .elementor-heading-title.elementor-size-small{font-size:15px}.elementor-widget-heading .elementor-heading-title.elementor-size-medium{font-size:19px}.elementor-widget-heading .elementor-heading-title.elementor-size-large{font-size:29px}.elementor-widget-heading .elementor-heading-title.elementor-size-xl{font-size:39px}.elementor-widget-heading .elementor-heading-title.elementor-size-xxl{font-size:59px}<\/style><h2 class=\"elementor-heading-title elementor-size-default\">LASZLO BADET<\/h2>\t\t<\/div>\n\t\t\t\t<\/div>\n\t\t\t\t<div class=\"elementor-element elementor-element-bf1da2c elementor-widget elementor-widget-text-editor\" data-id=\"bf1da2c\" data-element_type=\"widget\" data-widget_type=\"text-editor.default\">\n\t\t\t\t<div class=\"elementor-widget-container\">\n\t\t\t<style>\/*! elementor - v3.8.1 - 13-11-2022 *\/\n.elementor-widget-text-editor.elementor-drop-cap-view-stacked .elementor-drop-cap{background-color:#818a91;color:#fff}.elementor-widget-text-editor.elementor-drop-cap-view-framed .elementor-drop-cap{color:#818a91;border:3px solid;background-color:transparent}.elementor-widget-text-editor:not(.elementor-drop-cap-view-default) .elementor-drop-cap{margin-top:8px}.elementor-widget-text-editor:not(.elementor-drop-cap-view-default) .elementor-drop-cap-letter{width:1em;height:1em}.elementor-widget-text-editor .elementor-drop-cap{float:left;text-align:center;line-height:1;font-size:50px}.elementor-widget-text-editor .elementor-drop-cap-letter{display:inline-block}<\/style>\t\t\t\t<p><strong>FR<\/strong> &#8211;\u00a0En plus de travailler comme petite main pour des maisons de haute couture \u00e0 Paris, Laszlo Badet se r\u00e9v\u00e8le \u00e0 travers une cuisine rustique et cr\u00e9ative, profond\u00e9ment ancr\u00e9e dans ses origines suisses-italiennes et rehauss\u00e9e par son sens d\u00e9licat de la mise en sc\u00e8ne. C&#8217;est pr\u00e9cis\u00e9ment cette attention aux d\u00e9tails qui rend la cuisine de Laszlo unique.<\/p><p>Elle aime combiner son savoir-faire de couturi\u00e8re avec celui de la cuisine. Chef autodidacte, elle travaille maintenant principalement pour des d\u00eeners priv\u00e9s, des r\u00e9ceptions et des \u00e9v\u00e9nements sp\u00e9ciaux, mais aussi en tant que cr\u00e9atrice culinaire pour le cin\u00e9ma et la photographie. Elle d\u00e9veloppe des menus de restaurant, cuisine lors d&#8217;ateliers et aime faire de la recherche lors de r\u00e9sidences culinaires \u00e0 travers le monde.<\/p><p><strong>EN<\/strong> &#8211;\u00a0Besides working as a \u201cpetite-main\u201d for haute couture fashion houses in Paris, Laszlo Badet reveals herself through a rustic and creative cuisine, deeply rooted in her Swiss-Italian origins and enhanced by her delicate sense of staging. It is precisely this attention to detail that makes Laszlo\u2019s cuisine unique.<\/p><p>She likes to combine her seamstress know-how with that of cooking. Self-taught chef, she now works mainly for private dinners, receptions and special events, but also as a creative food designer for film and photography. She develops restaurant menus, cooks on workshops and enjoys doing research during cooking residencies around the world.<\/p>\t\t\t\t\t\t<\/div>\n\t\t\t\t<\/div>\n\t\t\t\t<div class=\"elementor-element elementor-element-eb802f6 elementor-widget elementor-widget-spacer\" data-id=\"eb802f6\" data-element_type=\"widget\" data-widget_type=\"spacer.default\">\n\t\t\t\t<div class=\"elementor-widget-container\">\n\t\t\t\t\t<div class=\"elementor-spacer\">\n\t\t\t<div class=\"elementor-spacer-inner\"><\/div>\n\t\t<\/div>\n\t\t\t\t<\/div>\n\t\t\t\t<\/div>\n\t\t\t\t<div class=\"elementor-element elementor-element-c675896 elementor-widget elementor-widget-heading\" data-id=\"c675896\" data-element_type=\"widget\" data-widget_type=\"heading.default\">\n\t\t\t\t<div class=\"elementor-widget-container\">\n\t\t\t<h2 class=\"elementor-heading-title elementor-size-default\">CONTACT<\/h2>\t\t<\/div>\n\t\t\t\t<\/div>\n\t\t\t\t<div class=\"elementor-element elementor-element-3f2e9ac elementor-widget elementor-widget-text-editor\" data-id=\"3f2e9ac\" data-element_type=\"widget\" data-widget_type=\"text-editor.default\">\n\t\t\t\t<div class=\"elementor-widget-container\">\n\t\t\t\t\t\t\t<p>mail Cantine Laszlo <a href=\"mailto:laszlobadet@gmail.com\">laszlobadet@cantinelaszlo.com<\/a><\/p><p>mail service administratif\u00a0<a href=\"mailto:laszlobadet@gmail.com\">admin@cantinelaszlo.com<\/a><\/p><p>phone +33 6 95 35 69 63<\/p><p>instagram <a href=\"http:\/\/www.instagram.com\/cantinelaszlo\">@cantinelaszlo<\/a><\/p>\t\t\t\t\t\t<\/div>\n\t\t\t\t<\/div>\n\t\t\t\t\t<\/div>\n\t\t<\/div>\n\t\t\t\t<div class=\"elementor-column elementor-col-50 elementor-inner-column elementor-element elementor-element-41e19c5\" data-id=\"41e19c5\" data-element_type=\"column\">\n\t\t\t<div class=\"elementor-widget-wrap elementor-element-populated\">\n\t\t\t\t\t\t\t\t<div class=\"elementor-element elementor-element-d471711 elementor-widget elementor-widget-heading\" data-id=\"d471711\" data-element_type=\"widget\" data-widget_type=\"heading.default\">\n\t\t\t\t<div class=\"elementor-widget-container\">\n\t\t\t<h2 class=\"elementor-heading-title elementor-size-default\">CLIENTS<\/h2>\t\t<\/div>\n\t\t\t\t<\/div>\n\t\t\t\t<div class=\"elementor-element elementor-element-7b62334 elementor-widget elementor-widget-text-editor\" data-id=\"7b62334\" data-element_type=\"widget\" data-widget_type=\"text-editor.default\">\n\t\t\t\t<div class=\"elementor-widget-container\">\n\t\t\t\t\t\t\t<p><a href=\"https:\/\/www.diptyqueparis.com\/fr_fr\/?gad_source=1&amp;gclid=CjwKCAjw26KxBhBDEiwAu6KXt1UMX-toidVgqsB3Jf5gqXrK88kEjBWcbQ_ORA4XtIBlRGYcl9uSehoCoMAQAvD_BwE#_mkpid=a_3568&amp;_mkpc=[FR][B]%20SE_FR_BRA-Brand-Exact_22&amp;_mkpd=s||c|578518950653|diptyque|e|\">Dyptique<\/a><\/p><p><a href=\"https:\/\/www.christofle.com\/eu_fr\/\">Christofle<\/a><\/p><p><a href=\"https:\/\/www.hermes.com\/fr\/fr\/\">Hermes<\/a><\/p><p><a href=\"https:\/\/fr.lalique.com\">Lalique<\/a><\/p><p><a href=\"https:\/\/www.zarahome.com\/fr\/\">Zara home<\/a><\/p><p><a href=\"https:\/\/fr.rouje.com\/?utm_source=google&amp;utm_medium=cpc&amp;utm_campaign=fr_pmax_all-product_vetements_accessoires&amp;campaignid=21026316415&amp;adgroupid=&amp;adid=&amp;gad_source=1&amp;gclid=CjwKCAjw26KxBhBDEiwAu6KXt_QFP8xck2vV44ip4FJ-7ZVoYdxsmIAODPw59Q6p4RPrKg_UEw7LexoCm9oQAvD_BwE\">Rouje<\/a><\/p><p><a href=\"https:\/\/www.alighieri.com\">Alighieri<\/a><\/p><p><a href=\"https:\/\/www.theanimalsobservatory.com\">The animals observatory<\/a><\/p><p><a href=\"https:\/\/www.chanel.com\/#\">Chanel<\/a><\/p><p><a href=\"https:\/\/eu.icicle.com\">Icicle<\/a><\/p><p><a href=\"https:\/\/www.ba-sh.com\/fr\/fr\/?story-2-ss24-full-price&amp;gad_source=1&amp;gclid=CjwKCAjw26KxBhBDEiwAu6KXt7lHVsTWHuBchXKPimCgTp1h9Ok-DJ5AuL_JFMclUjWLvLdKTh2SmRoCOewQAvD_BwE\">Bash<\/a><\/p><p><a href=\"https:\/\/www.arket.com\/fr_fr\/index.html\">Arket<\/a><\/p><p><a href=\"https:\/\/sowvital.com\">Sowvital plant care<\/a><\/p><p><a href=\"https:\/\/specialpapers.fedrigoni.com\/fra\/\">Fedrigoni paper<\/a><\/p><p><a href=\"https:\/\/www.google.com\/search?client=safari&amp;rls=en&amp;q=olfactif+paris&amp;ie=UTF-8&amp;oe=UTF-8\">Olfactif paris<\/a><\/p><p><a href=\"https:\/\/www.lisacorti.com\/en\/\">Lisa Corti<\/a> &amp; <a href=\"https:\/\/lavestelaveste.com\">La veste<\/a><\/p><p><a href=\"https:\/\/www.veja-store.com\/fr_fr\/\">Veja<\/a><\/p><p><a href=\"https:\/\/lovestoriesintimates.com\/fr\/\">Love Stories Intimate<\/a><\/p><p><a href=\"https:\/\/suchandsuch.fr\">Such &amp; Such<\/a><\/p><p><a href=\"https:\/\/www.googleadservices.com\/pagead\/aclk?sa=L&amp;ai=CikIlWsooZsi3FoCIovsPjK6JuAqJ3YCDdZaBpaToEKbQgvrYCAgAEAEguVRg-_n8gogKoAHNw7zbAsgBAakCxbBNUP30sT7IA9ggqgRsT9C9gDFHNF9CORfVipQnZbpeES9VW9xZr4ZrqVqZwfe3lMLVV61njAao_oNHLUGMOxj3pmjqHEKex4NUVWu-35xYLuJngXH1IvTfEWtKf3cFDHPP2o8DaAfS3rBS20ycJREwR-ODH6Sq4cybwATJsumOrAKABZBOiAX4u5SAGKAGZoAHm7zDpAGIBwGQBwGoB-u4sQKoB6a-G6gHuZqxAqgH89EbqAfu0huoB_-csQKoB8rcG6gHkq-xAqgHu6SxAqgHkqaxAqgH2KaxAqgH3rWxAqgH26qxAqgH0KqxAqgH3LCxAqgH6rGxAqgHlLixAqgH7LixAqgHvrexAqgHsruxAqgHs7uxAqgHw72xAqgHxL2xAqgH5L2xAqAIh9-oBLAIAdIIKhACMgSD4IAOOg3C4YCAgIAEgsCAgIAgQgEESNHs8ypQCVjIzKXNvtqFA5oJFWh0dHBzOi8vd3d3Lm1vbGxpLmNvbbEJQeZVJcJ6INe5CSUHxIIRj9WY-AkBmAsBqgwCCAHoDAaqDQJGUsgNAYIUCQgDEgVtb2xsaYgUB8gU4aO38Jbvwblc0BUB-BYBgBcBkhcIEgYIARADGGy6FwQ4AUgB4BcD0BgB&amp;ae=2&amp;gclid=CjwKCAjw26KxBhBDEiwAu6KXt0stgATZyIFlnXq3WlfwcUG0TvYjGVz8ewbWH-hOAhXnBdXF8LlClhoC5fkQAvD_BwE&amp;ved=2ahUKEwjC4Z3NvtqFAxXOVqQEHWpiCykQ0Qx6BAgGEAE&amp;nis=8&amp;dct=1&amp;cid=CAASFORogpWc_r3pG1VWexGbMmZOdTzV&amp;dblrd=1&amp;sival=AF15MEDB8deA7dGkM3ua_OKHy3t6IoP2z1QwhZMEwlyxtZVJcH9lDMM9OR1dhM2Ja0W7UncQ3_3WEmWx5gJpnBSBtgcTe3in67xPZdt_hbG_504Kic88-9jLg8mn7BwDNxVtDhUM3EW_bVLgkYIRhVSAK3EHCAfiZLTZHe62RaChN8JsUxJHpEQ&amp;sig=AOD64_0i1eBcVbqgDaQ9qoTcp9L3IuP-hQ&amp;adurl=https:\/\/www.molli.com%3Futm_term%3Dmolli%26utm_campaign%3DSearch%2B-%2BMarque%2BFR%26utm_source%3Dadwords%26utm_medium%3Dppc%26hsa_acc%3D2270777839%26hsa_cam%3D6442786296%26hsa_grp%3D80561723721%26hsa_ad%3D644605501117%26hsa_src%3Dg%26hsa_tgt%3Dkwd-298756122662%26hsa_kw%3Dmolli%26hsa_mt%3De%26hsa_net%3Dadwords%26hsa_ver%3D3%26gad_source%3D1\">Molli 1886<\/a><\/p><p><a href=\"https:\/\/bumble.com\/fr\/\">Bumble france<\/a><\/p><p><a href=\"https:\/\/www.rdai.fr\">RDAI architecture<\/a><\/p><p><a href=\"https:\/\/www.socialstudio.fr\">Social studiofr<\/a><\/p><p><a href=\"https:\/\/www.aigle.com\/fr\/fr?utm_source=Google&amp;utm_medium=cpcSearch&amp;utm_campaign=FR-Search-Marque-Exact&amp;utm_term=aigle&amp;gad_source=1&amp;gclid=CjwKCAjw26KxBhBDEiwAu6KXt8l0tv6sXjRbfYsJvByUlkc-83Fo66qQRfoNjAXi6Knl_2EgZ1nIqxoCzLEQAvD_BwE\">Aigle<\/a><\/p><p><a href=\"https:\/\/super-yaya.com\">Superyaya<\/a><\/p><p><a href=\"https:\/\/www.christofle.com\/eu_fr\/\">Christofle<\/a> &amp; <a href=\"https:\/\/www.christofle.com\/eu_fr\/notre-maison\/les-artistes-et-designers\/mademoiselle-aurelie-bidermann\">Aurelie Bidermann<\/a><\/p><p><a href=\"https:\/\/www.shaynaarnold.com\">Shayna Arnold<\/a><\/p><p><a href=\"https:\/\/www.ohmycream.com\">Oh My Cream<\/a><\/p><p><a href=\"https:\/\/sunnei.it\/?utm_source=google&amp;utm_medium=paid&amp;utm_campaign=01_ALL_Search_01Brand-Pure&amp;utm_content=123513136255&amp;utm_term=sunnei&amp;gad_source=1&amp;gclid=CjwKCAjw26KxBhBDEiwAu6KXtyyqGTmXCX5zRCkiARLDzqfuExKi2sFWzD3UC0r83CjAgkOQyZymLhoCWxkQAvD_BwE\">Sunnei<\/a><\/p><p><a href=\"https:\/\/www.instagram.com\/landlineparis\/?hl=fr\">Landline Paris<\/a><\/p><p><a href=\"https:\/\/eu.bjorkandberries.com\/?gad_source=1&amp;gclid=CjwKCAjw26KxBhBDEiwAu6KXtzeYE4SgJkMKyNl4mkCVWFTWK2_fCIn9XgHR1wOvyUikiXvx3FS1phoCjZUQAvD_BwE\">Bjork and Berries<\/a><\/p><p><a href=\"https:\/\/www.instagram.com\/thyrse.paris\/\">Thyrse Paris<\/a><\/p><p><a href=\"https:\/\/aeron.com\/en-eu\">Aeron studio<\/a><\/p><p><a href=\"https:\/\/www.leconsulat.org\">Le Consulat Paris<\/a><\/p>\t\t\t\t\t\t<\/div>\n\t\t\t\t<\/div>\n\t\t\t\t<div class=\"elementor-element elementor-element-36cd157 elementor-widget elementor-widget-heading\" data-id=\"36cd157\" data-element_type=\"widget\" data-widget_type=\"heading.default\">\n\t\t\t\t<div class=\"elementor-widget-container\">\n\t\t\t<h2 class=\"elementor-heading-title elementor-size-default\">MAGAZINES<\/h2>\t\t<\/div>\n\t\t\t\t<\/div>\n\t\t\t\t<div class=\"elementor-element elementor-element-472b349 elementor-widget elementor-widget-text-editor\" data-id=\"472b349\" data-element_type=\"widget\" data-widget_type=\"text-editor.default\">\n\t\t\t\t<div class=\"elementor-widget-container\">\n\t\t\t\t\t\t\t<p><a href=\"https:\/\/www.milkdecoration.com\/un-dejeuner-avec-la-parisienne-laszlo-badet\/\">MILK Magazine<\/a><\/p><p><a href=\"https:\/\/www.timeout.fr\/paris\/actualites\/du-hors-doeuvre-au-chef-doeuvre-a-paris-ces-6-creatrices-font-de-lart-a-manger-122223\">Time out magazine<\/a><\/p><p><a href=\"https:\/\/www.instagram.com\/centa_project\/?next=%2Fpaolasarmiento29%2Ffeed%2F&amp;hl=fr-ca\">Zara home<\/a><\/p><p><a href=\"https:\/\/bacsac.com\/journal\/le-pot-parasol-bacsac\/\">BACSAC<\/a><\/p><p><a href=\"https:\/\/www.youtube.com\/watch?v=GZaun8RQ8_k\">The Art of Hosting<\/a><\/p><p><a href=\"https:\/\/www.instagram.com\/editionofficial\/p\/C4KYtRshXkG\/\">Edition<\/a><\/p><p><a href=\"https:\/\/eu.thefrankieshop.com\/blogs\/journal\/food-art-with-laszlo-badet\">The Frankie Shop<\/a><\/p><p><a href=\"https:\/\/www.nouvelobs.com\/food\/20240224.OBS84889\/petits-fours-et-grands-buffets-le-grand-retour-du-traiteur.html\">Le Nouvel Obs<\/a><\/p><p><a href=\"https:\/\/www.apartamentomagazine.com\">Apartamento magazine<\/a><\/p><p><a href=\"https:\/\/www.youtube.com\/watch?v=7hJ5GDUP-fM\">Icicle<\/a><\/p><p><a href=\"https:\/\/www.letemps.ch\/culture\/arts\/laszlo-badet-une-couturiere-devenue-cuisiniere\">Le temps.ch<\/a><\/p><p><a href=\"https:\/\/lemon-story.com\/blogs\/recettes\/gateau-aux-agrumes-et-sel-de-combawa-par-laszlo\">Lemon Story<\/a><\/p><p><a href=\"https:\/\/www.letemps.ch\/societe\/gastronomie-vins\/recette-laszlo-badet-beignets-fleurs-glycine\">Le temps recette<\/a><\/p><p><a href=\"https:\/\/fr.everand.com\/article\/525283185\/Madame-Est-Servie\">Marie Claire Maison<\/a><\/p><p><a href=\"https:\/\/dohatsu.com\/recette\/la-recette-de-laszlo-badet\/\">Dohatsu<\/a><\/p><p><a href=\"https:\/\/www.homemagazine.fr\/sommaire-home-food-1\/\">Home magazine<\/a><\/p><p><a href=\"https:\/\/www.instagram.com\/madofficiel\/?hl=fr\">MAD Figaro<\/a><\/p><p><a href=\"https:\/\/www.rodebjer.com\/us\/holiday-gift-guide.html\">Rodebjer<\/a><\/p><p><a href=\"https:\/\/www.madeindesign.com\/mag-tendance-jardin-ete-convivial.html\">Made in Design<\/a><\/p><p><a href=\"https:\/\/deijistudios.com\/blogs\/field-notes\/laszlo-badet\">Deiji Studio<\/a><\/p><p><a href=\"https:\/\/www.apartpublications.com\/produit\/isole\/\">A Part Magazine<\/a><\/p><p><a href=\"https:\/\/www.instagram.com\/revuemaison\/\">Revue maison<\/a><\/p><p><a href=\"https:\/\/www.harpersbazaar.in\/travel-food\/story\/where-gastronomy-meets-creativity-with-laszlo-badet-seasonal-simone-and-zelikha-dinga-791406-2024-01-22\">Harpers Bazaar<\/a><\/p><p><a href=\"https:\/\/aupres-aupres.com\/laszlo-badet\/\">Aupr\u00e8s<\/a><\/p><p><a href=\"https:\/\/maisonessentiele.com\/blogs\/news\/at-home-with-laszlo-marie-badet\">Maison Essentiele<\/a><\/p><p><a href=\"https:\/\/reuni.com\/blogs\/nos-rencontres\/laszlo-badet-couturiere-et-cuisiniere-independante-de-la-couture-a-la-cuisine-conviviale-une-eloge-de-la-lenteur-et-du-partage\">R\u00e9uni<\/a><\/p><p><a href=\"https:\/\/www.tiktok.com\/@sezane\/video\/7348754434878344480\">S\u00e9zane<\/a><\/p><p><a href=\"https:\/\/www.instagram.com\/daily_sleeper\/?next=%2Florikramaj%2F&amp;hl=fr\">Daily Sleeper<\/a><\/p><p><a href=\"https:\/\/www.instagram.com\/cantinelaszlo\/?hl=fr\">Victorinox<\/a><\/p>\t\t\t\t\t\t<\/div>\n\t\t\t\t<\/div>\n\t\t\t\t<div class=\"elementor-element elementor-element-76f4a6b elementor-widget elementor-widget-heading\" data-id=\"76f4a6b\" data-element_type=\"widget\" data-widget_type=\"heading.default\">\n\t\t\t\t<div class=\"elementor-widget-container\">\n\t\t\t<h2 class=\"elementor-heading-title elementor-size-default\">RESIDENCIES<\/h2>\t\t<\/div>\n\t\t\t\t<\/div>\n\t\t\t\t<div class=\"elementor-element elementor-element-016e0bb elementor-widget elementor-widget-text-editor\" data-id=\"016e0bb\" data-element_type=\"widget\" data-widget_type=\"text-editor.default\">\n\t\t\t\t<div class=\"elementor-widget-container\">\n\t\t\t\t\t\t\t<p><a href=\"https:\/\/c-h-b.fr\">Chateau de la haute Borde<\/a><\/p><p><a href=\"https:\/\/www.instagram.com\/damejaneresidence\/?hl=fr\">Dame Jane<\/a><\/p><p><a href=\"http:\/\/www.casabalandra.com\">Casa Balandra<\/a><\/p>\t\t\t\t\t\t<\/div>\n\t\t\t\t<\/div>\n\t\t\t\t\t<\/div>\n\t\t<\/div>\n\t\t\t\t\t\t\t<\/div>\n\t\t<\/section>\n\t\t\t\t\t<\/div>\n\t\t<\/div>\n\t\t\t\t\t\t\t<\/div>\n\t\t<\/section>\n\t\t\t\t\t\t\t<\/div>\n\t\t","protected":false},"excerpt":{"rendered":"<p>LASZLO BADET FR &#8211;\u00a0En plus de travailler comme petite main pour des maisons de haute couture \u00e0 Paris, Laszlo Badet se r\u00e9v\u00e8le \u00e0 travers une cuisine rustique et cr\u00e9ative, profond\u00e9ment ancr\u00e9e dans ses origines suisses-italiennes et rehauss\u00e9e par son sens d\u00e9licat de la mise en sc\u00e8ne. C&#8217;est pr\u00e9cis\u00e9ment cette attention aux d\u00e9tails qui rend la [&hellip;]<\/p>\n","protected":false},"author":1,"featured_media":0,"parent":0,"menu_order":0,"comment_status":"closed","ping_status":"closed","template":"","meta":{"footnotes":""},"class_list":["post-120","page","type-page","status-publish","hentry"],"_links":{"self":[{"href":"https:\/\/laszlobadet.com\/index.php\/wp-json\/wp\/v2\/pages\/120","targetHints":{"allow":["GET"]}}],"collection":[{"href":"https:\/\/laszlobadet.com\/index.php\/wp-json\/wp\/v2\/pages"}],"about":[{"href":"https:\/\/laszlobadet.com\/index.php\/wp-json\/wp\/v2\/types\/page"}],"author":[{"embeddable":true,"href":"https:\/\/laszlobadet.com\/index.php\/wp-json\/wp\/v2\/users\/1"}],"replies":[{"embeddable":true,"href":"https:\/\/laszlobadet.com\/index.php\/wp-json\/wp\/v2\/comments?post=120"}],"version-history":[{"count":109,"href":"https:\/\/laszlobadet.com\/index.php\/wp-json\/wp\/v2\/pages\/120\/revisions"}],"predecessor-version":[{"id":1324,"href":"https:\/\/laszlobadet.com\/index.php\/wp-json\/wp\/v2\/pages\/120\/revisions\/1324"}],"wp:attachment":[{"href":"https:\/\/laszlobadet.com\/index.php\/wp-json\/wp\/v2\/media?parent=120"}],"curies":[{"name":"wp","href":"https:\/\/api.w.org\/{rel}","templated":true}]}}